{"id":21,"date":"2022-07-02T07:09:25","date_gmt":"2022-07-02T07:09:25","guid":{"rendered":"https:\/\/www.panumoilanen.fi\/?page_id=21"},"modified":"2024-12-06T16:59:31","modified_gmt":"2024-12-06T14:59:31","slug":"contact","status":"publish","type":"page","link":"https:\/\/www.panumoilanen.fi\/?page_id=21","title":{"rendered":"Yhteystiedot"},"content":{"rendered":"\n<p class=\"has-text-align-center\">L\u00f6yd\u00e4t minut seuraavista sosiaalisen median palveluista: <\/p>\n\n\n\n<p class=\"has-text-align-center\"><a href=\"https:\/\/www.linkedin.com\/in\/panumoilanen\/\" data-type=\"URL\" data-id=\"https:\/\/www.linkedin.com\/in\/panumoilanen\/\" target=\"_blank\" rel=\"noreferrer noopener\">LinkedIN<\/a><\/p>\n\n\n\n<p class=\"has-text-align-center\"><a href=\"https:\/\/bsky.app\/profile\/panumoilanen.bsky.social\" target=\"_blank\" rel=\"noreferrer noopener\">Bluesky<\/a><\/p>\n\n\n\n<p class=\"has-text-align-center\"><a href=\"https:\/\/twitter.com\/PanuMoilanen\" data-type=\"URL\" data-id=\"https:\/\/twitter.com\/PanuMoilanen\" target=\"_blank\" rel=\"noreferrer noopener\">Viestipalvelu X<\/a><\/p>\n\n\n\n<p class=\"has-text-align-center\"><a href=\"https:\/\/www.instagram.com\/panufin\/\" data-type=\"URL\" data-id=\"https:\/\/www.instagram.com\/panufin\/\" target=\"_blank\" rel=\"noreferrer noopener\">Instagram<\/a><\/p>\n\n\n\n<p class=\"has-text-align-center\"><a href=\"https:\/\/www.facebook.com\/panum\" data-type=\"URL\" data-id=\"https:\/\/www.facebook.com\/panum\" target=\"_blank\" rel=\"noreferrer noopener\">Facebook<\/a><\/p>\n\n\n\n<p class=\"has-text-align-center\">Julkiset ty\u00f6s\u00e4hk\u00f6postiosoitteeni ja -puhelinnumeroni ovat <a href=\"https:\/\/www.jyu.fi\/fi\/henkilot\/panu-moilanen\" data-type=\"URL\" data-id=\"https:\/\/www.jyu.fi\/fi\/yhteystiedot\/\" target=\"_blank\" rel=\"noreferrer noopener\">t\u00e4\u00e4ll\u00e4<\/a>.<\/p>\n\n\n\n<p><\/p>\n","protected":false},"excerpt":{"rendered":"<p>L\u00f6yd\u00e4t minut seuraavista sosiaalisen median palveluista: LinkedIN Bluesky Viestipalvelu X Instagram Facebook Julkiset ty\u00f6s\u00e4hk\u00f6postiosoitteeni ja -puhelinnumeroni ovat t\u00e4\u00e4ll\u00e4.<\/p>\n","protected":false},"author":1,"featured_media":0,"parent":0,"menu_order":0,"comment_status":"closed","ping_status":"closed","template":"","meta":{"inspiro_hide_title":false,"footnotes":""},"class_list":["post-21","page","type-page","status-publish","hentry"],"featured_media_urls":[],"_links":{"self":[{"href":"https:\/\/www.panumoilanen.fi\/index.php?rest_route=\/wp\/v2\/pages\/21","targetHints":{"allow":["GET"]}}],"collection":[{"href":"https:\/\/www.panumoilanen.fi\/index.php?rest_route=\/wp\/v2\/pages"}],"about":[{"href":"https:\/\/www.panumoilanen.fi\/index.php?rest_route=\/wp\/v2\/types\/page"}],"author":[{"embeddable":true,"href":"https:\/\/www.panumoilanen.fi\/index.php?rest_route=\/wp\/v2\/users\/1"}],"replies":[{"embeddable":true,"href":"https:\/\/www.panumoilanen.fi\/index.php?rest_route=%2Fwp%2Fv2%2Fcomments&post=21"}],"version-history":[{"count":8,"href":"https:\/\/www.panumoilanen.fi\/index.php?rest_route=\/wp\/v2\/pages\/21\/revisions"}],"predecessor-version":[{"id":412,"href":"https:\/\/www.panumoilanen.fi\/index.php?rest_route=\/wp\/v2\/pages\/21\/revisions\/412"}],"wp:attachment":[{"href":"https:\/\/www.panumoilanen.fi\/index.php?rest_route=%2Fwp%2Fv2%2Fmedia&parent=21"}],"curies":[{"name":"wp","href":"https:\/\/api.w.org\/{rel}","templated":true}]}}