{"id":19,"date":"2022-07-02T07:09:25","date_gmt":"2022-07-02T07:09:25","guid":{"rendered":"https:\/\/www.panumoilanen.fi\/?page_id=19"},"modified":"2023-02-12T17:02:16","modified_gmt":"2023-02-12T15:02:16","slug":"beautiful-portfolios-for-exceptional-creatives","status":"publish","type":"page","link":"https:\/\/www.panumoilanen.fi\/","title":{"rendered":"Kuka min\u00e4 olen?"},"content":{"rendered":"\n<p class=\"has-text-align-center\"><meta charset=\"utf-8\">Olen Panu Moilanen, v\u00e4h\u00e4n kaikesta kiinnostunut jyv\u00e4skyl\u00e4l\u00e4inen. Ty\u00f6skentelen lehtorina Jyv\u00e4skyl\u00e4n yliopistossa, josta olen v\u00e4itellyt teknologiatutkimuksesta. Lis\u00e4ksi vaikutan maastokuvioisessa maailmassa &#8211; esimerkiksi Maanpuolustuskoulutus MPK:ssa ja Maanpuolustuskorkeakoulussa, jossa valmistelen toista v\u00e4it\u00f6skirjaani informaatiovaikuttamisesta, luottamuksesta ja laajasti ymm\u00e4rretyst\u00e4 turvallisuudesta.<\/p>\n\n\n\n<p class=\"has-text-align-center\">T\u00e4ll\u00e4 sivustolla tarkoitukseni on julkaista tekstej\u00e4 ja muita tuotoksiani, jotka ovat syntyneet erilaisissa yhteyksiss\u00e4 ja erilaisissa rooleissani. Sivuston nimen mukaisesti tuotoksien teemat vaihtelevat &#8211; monologin sijaan t\u00e4m\u00e4 on Monilogi.<\/p>\n","protected":false},"excerpt":{"rendered":"<p>Olen Panu Moilanen, v\u00e4h\u00e4n kaikesta kiinnostunut jyv\u00e4skyl\u00e4l\u00e4inen. Ty\u00f6skentelen lehtorina Jyv\u00e4skyl\u00e4n yliopistossa, josta olen v\u00e4itellyt teknologiatutkimuksesta. Lis\u00e4ksi vaikutan maastokuvioisessa maailmassa &#8211; esimerkiksi Maanpuolustuskoulutus MPK:ssa ja Maanpuolustuskorkeakoulussa, jossa valmistelen toista v\u00e4it\u00f6skirjaani informaatiovaikuttamisesta, luottamuksesta ja laajasti ymm\u00e4rretyst\u00e4 turvallisuudesta. T\u00e4ll\u00e4 sivustolla tarkoitukseni on julkaista tekstej\u00e4 ja muita tuotoksiani, jotka ovat syntyneet erilaisissa yhteyksiss\u00e4 ja erilaisissa rooleissani. Sivuston nimen mukaisesti &hellip; <\/p>\n<p class=\"link-more\"><a href=\"https:\/\/www.panumoilanen.fi\/\" class=\"more-link\">Read more<span class=\"screen-reader-text\"> &#8221;Kuka min\u00e4 olen?&#8221;<\/span><\/a><\/p>\n","protected":false},"author":1,"featured_media":18,"parent":0,"menu_order":0,"comment_status":"closed","ping_status":"closed","template":"","meta":{"inspiro_hide_title":false,"footnotes":""},"class_list":["post-19","page","type-page","status-publish","has-post-thumbnail","hentry"],"featured_media_urls":{"thumbnail":["https:\/\/www.panumoilanen.fi\/wp-content\/uploads\/2022\/07\/StockSnap_M6D1GS9PSL-150x150.jpg",150,150,true],"medium":["https:\/\/www.panumoilanen.fi\/wp-content\/uploads\/2022\/07\/StockSnap_M6D1GS9PSL-300x198.jpg",300,198,true],"medium_large":["https:\/\/www.panumoilanen.fi\/wp-content\/uploads\/2022\/07\/StockSnap_M6D1GS9PSL-768x506.jpg",768,506,true],"large":["https:\/\/www.panumoilanen.fi\/wp-content\/uploads\/2022\/07\/StockSnap_M6D1GS9PSL-1024x674.jpg",950,625,true],"1536x1536":["https:\/\/www.panumoilanen.fi\/wp-content\/uploads\/2022\/07\/StockSnap_M6D1GS9PSL-1536x1011.jpg",1536,1011,true],"2048x2048":["https:\/\/www.panumoilanen.fi\/wp-content\/uploads\/2022\/07\/StockSnap_M6D1GS9PSL.jpg",2000,1317,false],"inspiro-featured-image":["https:\/\/www.panumoilanen.fi\/wp-content\/uploads\/2022\/07\/StockSnap_M6D1GS9PSL.jpg",2000,1317,false],"inspiro-loop":["https:\/\/www.panumoilanen.fi\/wp-content\/uploads\/2022\/07\/StockSnap_M6D1GS9PSL-950x320.jpg",950,320,true],"inspiro-loop@2x":["https:\/\/www.panumoilanen.fi\/wp-content\/uploads\/2022\/07\/StockSnap_M6D1GS9PSL-1900x640.jpg",1900,640,true],"portfolio_item-thumbnail":["https:\/\/www.panumoilanen.fi\/wp-content\/uploads\/2022\/07\/StockSnap_M6D1GS9PSL-600x400.jpg",600,400,true],"portfolio_item-thumbnail@2x":["https:\/\/www.panumoilanen.fi\/wp-content\/uploads\/2022\/07\/StockSnap_M6D1GS9PSL-1200x800.jpg",1200,800,true],"portfolio_item-masonry":["https:\/\/www.panumoilanen.fi\/wp-content\/uploads\/2022\/07\/StockSnap_M6D1GS9PSL-600x395.jpg",600,395,true],"portfolio_item-masonry@2x":["https:\/\/www.panumoilanen.fi\/wp-content\/uploads\/2022\/07\/StockSnap_M6D1GS9PSL-1200x790.jpg",1200,790,true],"portfolio_item-thumbnail_cinema":["https:\/\/www.panumoilanen.fi\/wp-content\/uploads\/2022\/07\/StockSnap_M6D1GS9PSL-800x335.jpg",800,335,true],"portfolio_item-thumbnail_portrait":["https:\/\/www.panumoilanen.fi\/wp-content\/uploads\/2022\/07\/StockSnap_M6D1GS9PSL-600x900.jpg",600,900,true],"portfolio_item-thumbnail_portrait@2x":["https:\/\/www.panumoilanen.fi\/wp-content\/uploads\/2022\/07\/StockSnap_M6D1GS9PSL-1200x1317.jpg",1200,1317,true],"portfolio_item-thumbnail_square":["https:\/\/www.panumoilanen.fi\/wp-content\/uploads\/2022\/07\/StockSnap_M6D1GS9PSL-800x800.jpg",800,800,true]},"_links":{"self":[{"href":"https:\/\/www.panumoilanen.fi\/index.php?rest_route=\/wp\/v2\/pages\/19","targetHints":{"allow":["GET"]}}],"collection":[{"href":"https:\/\/www.panumoilanen.fi\/index.php?rest_route=\/wp\/v2\/pages"}],"about":[{"href":"https:\/\/www.panumoilanen.fi\/index.php?rest_route=\/wp\/v2\/types\/page"}],"author":[{"embeddable":true,"href":"https:\/\/www.panumoilanen.fi\/index.php?rest_route=\/wp\/v2\/users\/1"}],"replies":[{"embeddable":true,"href":"https:\/\/www.panumoilanen.fi\/index.php?rest_route=%2Fwp%2Fv2%2Fcomments&post=19"}],"version-history":[{"count":11,"href":"https:\/\/www.panumoilanen.fi\/index.php?rest_route=\/wp\/v2\/pages\/19\/revisions"}],"predecessor-version":[{"id":64,"href":"https:\/\/www.panumoilanen.fi\/index.php?rest_route=\/wp\/v2\/pages\/19\/revisions\/64"}],"wp:featuredmedia":[{"embeddable":true,"href":"https:\/\/www.panumoilanen.fi\/index.php?rest_route=\/wp\/v2\/media\/18"}],"wp:attachment":[{"href":"https:\/\/www.panumoilanen.fi\/index.php?rest_route=%2Fwp%2Fv2%2Fmedia&parent=19"}],"curies":[{"name":"wp","href":"https:\/\/api.w.org\/{rel}","templated":true}]}}